{"id":2,"date":"2023-11-14T06:20:46","date_gmt":"2023-11-14T06:20:46","guid":{"rendered":"https:\/\/konoba-luka.com\/2024\/?page_id=2"},"modified":"2025-08-28T14:11:24","modified_gmt":"2025-08-28T14:11:24","slug":"catering","status":"publish","type":"page","link":"https:\/\/www.konoba-luka.com\/index.php\/catering\/","title":{"rendered":"Catering"},"content":{"rendered":"\t\t<div data-elementor-type=\"wp-page\" data-elementor-id=\"2\" class=\"elementor elementor-2\">\n\t\t\t\t\t\t<section class=\"elementor-section elementor-top-section elementor-element elementor-element-c2a9f66 elementor-section-boxed elementor-section-height-default elementor-section-height-default\" data-id=\"c2a9f66\" data-element_type=\"section\" data-settings=\"{&quot;background_background&quot;:&quot;classic&quot;}\">\n\t\t\t\t\t\t\t<div class=\"elementor-background-overlay\"><\/div>\n\t\t\t\t\t\t\t<div class=\"elementor-container elementor-column-gap-default\">\n\t\t\t\t\t<div class=\"elementor-column elementor-col-100 elementor-top-column elementor-element elementor-element-8db500d\" data-id=\"8db500d\" data-element_type=\"column\">\n\t\t\t<div class=\"elementor-widget-wrap elementor-element-populated\">\n\t\t\t\t\t\t<div class=\"elementor-element elementor-element-90ac0ba elementor-widget elementor-widget-heading\" data-id=\"90ac0ba\" data-element_type=\"widget\" data-widget_type=\"heading.default\">\n\t\t\t\t<div class=\"elementor-widget-container\">\n\t\t\t\t\t<h1 class=\"elementor-heading-title elementor-size-default\">Catering.<\/h1>\t\t\t\t<\/div>\n\t\t\t\t<\/div>\n\t\t\t\t<div class=\"elementor-element elementor-element-709b029 elementor-widget elementor-widget-image\" data-id=\"709b029\" data-element_type=\"widget\" data-widget_type=\"image.default\">\n\t\t\t\t<div class=\"elementor-widget-container\">\n\t\t\t\t\t\t\t\t\t\t\t\t\t\t\t<img decoding=\"async\" width=\"250\" height=\"27\" src=\"https:\/\/www.konoba-luka.com\/wp-content\/uploads\/2018\/09\/frill-free-img.png\" class=\"attachment-large size-large wp-image-86\" alt=\"\" \/>\t\t\t\t\t\t\t\t\t\t\t\t\t\t\t<\/div>\n\t\t\t\t<\/div>\n\t\t\t\t\t<\/div>\n\t\t<\/div>\n\t\t\t\t\t<\/div>\n\t\t<\/section>\n\t\t\t\t<section class=\"elementor-section elementor-top-section elementor-element elementor-element-9fa330c elementor-section-content-middle elementor-section-full_width elementor-reverse-mobile elementor-reverse-tablet elementor-section-height-default elementor-section-height-default\" data-id=\"9fa330c\" data-element_type=\"section\" data-settings=\"{&quot;background_background&quot;:&quot;classic&quot;}\">\n\t\t\t\t\t\t<div class=\"elementor-container elementor-column-gap-no\">\n\t\t\t\t\t<div class=\"elementor-column elementor-col-50 elementor-top-column elementor-element elementor-element-3e43a62d\" data-id=\"3e43a62d\" data-element_type=\"column\">\n\t\t\t<div class=\"elementor-widget-wrap elementor-element-populated\">\n\t\t\t\t\t\t<div class=\"elementor-element elementor-element-6121ee38 elementor-widget elementor-widget-image\" data-id=\"6121ee38\" data-element_type=\"widget\" data-widget_type=\"image.default\">\n\t\t\t\t<div class=\"elementor-widget-container\">\n\t\t\t\t\t\t\t\t\t\t\t\t\t\t\t<img fetchpriority=\"high\" decoding=\"async\" width=\"1024\" height=\"577\" src=\"https:\/\/www.konoba-luka.com\/wp-content\/uploads\/2024\/10\/20241009_165445-1-1024x577.jpg\" class=\"attachment-large size-large wp-image-1111\" alt=\"\" srcset=\"https:\/\/www.konoba-luka.com\/wp-content\/uploads\/2024\/10\/20241009_165445-1-1024x577.jpg 1024w, https:\/\/www.konoba-luka.com\/wp-content\/uploads\/2024\/10\/20241009_165445-1-300x169.jpg 300w, https:\/\/www.konoba-luka.com\/wp-content\/uploads\/2024\/10\/20241009_165445-1-768x432.jpg 768w, https:\/\/www.konoba-luka.com\/wp-content\/uploads\/2024\/10\/20241009_165445-1-1536x865.jpg 1536w, https:\/\/www.konoba-luka.com\/wp-content\/uploads\/2024\/10\/20241009_165445-1-2048x1153.jpg 2048w\" sizes=\"(max-width: 1024px) 100vw, 1024px\" \/>\t\t\t\t\t\t\t\t\t\t\t\t\t\t\t<\/div>\n\t\t\t\t<\/div>\n\t\t\t\t\t<\/div>\n\t\t<\/div>\n\t\t\t\t<div class=\"elementor-column elementor-col-50 elementor-top-column elementor-element elementor-element-2e952f12\" data-id=\"2e952f12\" data-element_type=\"column\">\n\t\t\t<div class=\"elementor-widget-wrap elementor-element-populated\">\n\t\t\t\t\t\t<div class=\"elementor-element elementor-element-34ed8546 elementor-widget elementor-widget-heading\" data-id=\"34ed8546\" data-element_type=\"widget\" data-widget_type=\"heading.default\">\n\t\t\t\t<div class=\"elementor-widget-container\">\n\t\t\t\t\t<h1 class=\"elementor-heading-title elementor-size-default\">Na\u0161a misija<\/h1>\t\t\t\t<\/div>\n\t\t\t\t<\/div>\n\t\t\t\t<div class=\"elementor-element elementor-element-70841c9e elementor-widget elementor-widget-text-editor\" data-id=\"70841c9e\" data-element_type=\"widget\" data-widget_type=\"text-editor.default\">\n\t\t\t\t<div class=\"elementor-widget-container\">\n\t\t\t\t\t\t\t\t\t<p>Na\u0161a misija je jednostavna &#8211; stvoriti nezaboravne trenutke kroz izvanrednu hranu i uslugu koja ostavlja trajan dojam. Bez obzira na vrstu doga\u0111aja ili prigodu, na\u0161 cilj je da va\u0161i gosti odu odu\u0161evljeni okusima i uslugom koju pru\u017eamo.<\/p>\t\t\t\t\t\t\t\t<\/div>\n\t\t\t\t<\/div>\n\t\t\t\t\t<\/div>\n\t\t<\/div>\n\t\t\t\t\t<\/div>\n\t\t<\/section>\n\t\t\t\t<section class=\"elementor-section elementor-top-section elementor-element elementor-element-646676b8 elementor-section-content-middle elementor-section-full_width elementor-section-height-default elementor-section-height-default\" data-id=\"646676b8\" data-element_type=\"section\" data-settings=\"{&quot;background_background&quot;:&quot;classic&quot;}\">\n\t\t\t\t\t\t<div class=\"elementor-container elementor-column-gap-no\">\n\t\t\t\t\t<div class=\"elementor-column elementor-col-50 elementor-top-column elementor-element elementor-element-1c4d3789\" data-id=\"1c4d3789\" data-element_type=\"column\">\n\t\t\t<div class=\"elementor-widget-wrap elementor-element-populated\">\n\t\t\t\t\t\t<div class=\"elementor-element elementor-element-273be76 elementor-widget elementor-widget-heading\" data-id=\"273be76\" data-element_type=\"widget\" data-widget_type=\"heading.default\">\n\t\t\t\t<div class=\"elementor-widget-container\">\n\t\t\t\t\t<h2 class=\"elementor-heading-title elementor-size-default\">Catering za sve prigode<\/h2>\t\t\t\t<\/div>\n\t\t\t\t<\/div>\n\t\t\t\t<div class=\"elementor-element elementor-element-10c5e74e elementor-widget elementor-widget-text-editor\" data-id=\"10c5e74e\" data-element_type=\"widget\" data-widget_type=\"text-editor.default\">\n\t\t\t\t<div class=\"elementor-widget-container\">\n\t\t\t\t\t\t\t\t\t<p>Bilo da planirate intimnu ve\u010deru kod ku\u0107e, poslovni doga\u0111aj ili veliko vjen\u010danje, na\u0161 catering tim je tu da va\u0161u viziju pretvori u stvarnost. Prilago\u0111avamo se va\u0161im potrebama i preferencijama kako bismo osigurali da svaki detalj bude besprijekoran.<\/p>\t\t\t\t\t\t\t\t<\/div>\n\t\t\t\t<\/div>\n\t\t\t\t\t<\/div>\n\t\t<\/div>\n\t\t\t\t<div class=\"elementor-column elementor-col-50 elementor-top-column elementor-element elementor-element-15d26b65\" data-id=\"15d26b65\" data-element_type=\"column\">\n\t\t\t<div class=\"elementor-widget-wrap elementor-element-populated\">\n\t\t\t\t\t\t<div class=\"elementor-element elementor-element-3eddef3f elementor-widget elementor-widget-image\" data-id=\"3eddef3f\" data-element_type=\"widget\" data-widget_type=\"image.default\">\n\t\t\t\t<div class=\"elementor-widget-container\">\n\t\t\t\t\t\t\t\t\t\t\t\t\t\t\t<img decoding=\"async\" width=\"1024\" height=\"577\" src=\"https:\/\/www.konoba-luka.com\/wp-content\/uploads\/2024\/10\/20241009_184219-1024x577.jpg\" class=\"attachment-large size-large wp-image-1112\" alt=\"\" srcset=\"https:\/\/www.konoba-luka.com\/wp-content\/uploads\/2024\/10\/20241009_184219-1024x577.jpg 1024w, https:\/\/www.konoba-luka.com\/wp-content\/uploads\/2024\/10\/20241009_184219-300x169.jpg 300w, https:\/\/www.konoba-luka.com\/wp-content\/uploads\/2024\/10\/20241009_184219-768x432.jpg 768w, https:\/\/www.konoba-luka.com\/wp-content\/uploads\/2024\/10\/20241009_184219-1536x865.jpg 1536w, https:\/\/www.konoba-luka.com\/wp-content\/uploads\/2024\/10\/20241009_184219-2048x1153.jpg 2048w\" sizes=\"(max-width: 1024px) 100vw, 1024px\" \/>\t\t\t\t\t\t\t\t\t\t\t\t\t\t\t<\/div>\n\t\t\t\t<\/div>\n\t\t\t\t\t<\/div>\n\t\t<\/div>\n\t\t\t\t\t<\/div>\n\t\t<\/section>\n\t\t\t\t<section class=\"elementor-section elementor-top-section elementor-element elementor-element-79c93b92 elementor-section-content-middle elementor-section-full_width elementor-reverse-mobile elementor-section-height-default elementor-section-height-default\" data-id=\"79c93b92\" data-element_type=\"section\" data-settings=\"{&quot;background_background&quot;:&quot;classic&quot;}\">\n\t\t\t\t\t\t<div class=\"elementor-container elementor-column-gap-no\">\n\t\t\t\t\t<div class=\"elementor-column elementor-col-50 elementor-top-column elementor-element elementor-element-6abd91a4\" data-id=\"6abd91a4\" data-element_type=\"column\">\n\t\t\t<div class=\"elementor-widget-wrap elementor-element-populated\">\n\t\t\t\t\t\t<div class=\"elementor-element elementor-element-436fcaba elementor-widget elementor-widget-image\" data-id=\"436fcaba\" data-element_type=\"widget\" data-widget_type=\"image.default\">\n\t\t\t\t<div class=\"elementor-widget-container\">\n\t\t\t\t\t\t\t\t\t\t\t\t\t\t\t<img loading=\"lazy\" decoding=\"async\" width=\"1024\" height=\"577\" src=\"https:\/\/www.konoba-luka.com\/wp-content\/uploads\/2024\/10\/20241009_172724-1024x577.jpg\" class=\"attachment-large size-large wp-image-1113\" alt=\"\" srcset=\"https:\/\/www.konoba-luka.com\/wp-content\/uploads\/2024\/10\/20241009_172724-1024x577.jpg 1024w, https:\/\/www.konoba-luka.com\/wp-content\/uploads\/2024\/10\/20241009_172724-300x169.jpg 300w, https:\/\/www.konoba-luka.com\/wp-content\/uploads\/2024\/10\/20241009_172724-768x432.jpg 768w, https:\/\/www.konoba-luka.com\/wp-content\/uploads\/2024\/10\/20241009_172724-1536x865.jpg 1536w, https:\/\/www.konoba-luka.com\/wp-content\/uploads\/2024\/10\/20241009_172724-2048x1153.jpg 2048w\" sizes=\"(max-width: 1024px) 100vw, 1024px\" \/>\t\t\t\t\t\t\t\t\t\t\t\t\t\t\t<\/div>\n\t\t\t\t<\/div>\n\t\t\t\t\t<\/div>\n\t\t<\/div>\n\t\t\t\t<div class=\"elementor-column elementor-col-50 elementor-top-column elementor-element elementor-element-3d74de7e\" data-id=\"3d74de7e\" data-element_type=\"column\">\n\t\t\t<div class=\"elementor-widget-wrap elementor-element-populated\">\n\t\t\t\t\t\t<div class=\"elementor-element elementor-element-6ddcf644 elementor-widget elementor-widget-heading\" data-id=\"6ddcf644\" data-element_type=\"widget\" data-widget_type=\"heading.default\">\n\t\t\t\t<div class=\"elementor-widget-container\">\n\t\t\t\t\t<h2 class=\"elementor-heading-title elementor-size-default\">Raznolika kulinarska ponuda<\/h2>\t\t\t\t<\/div>\n\t\t\t\t<\/div>\n\t\t\t\t<div class=\"elementor-element elementor-element-597b464 elementor-widget elementor-widget-text-editor\" data-id=\"597b464\" data-element_type=\"widget\" data-widget_type=\"text-editor.default\">\n\t\t\t\t<div class=\"elementor-widget-container\">\n\t\t\t\t\t\t\t\t\t<p>Na\u0161a kulinarska ponuda obuhva\u0107a \u0161irok spektar jela, od tradicionalnih doma\u0107ih specijaliteta do internacionalnih kuhinja. Svje\u017ei sastojci, kreativne kombinacije i pa\u017eljivo pripremljena jela samo su dio onoga \u0161to mo\u017eete o\u010dekivati od nas.<\/p>\t\t\t\t\t\t\t\t<\/div>\n\t\t\t\t<\/div>\n\t\t\t\t\t<\/div>\n\t\t<\/div>\n\t\t\t\t\t<\/div>\n\t\t<\/section>\n\t\t\t\t<section class=\"elementor-section elementor-top-section elementor-element elementor-element-6c01e5f5 elementor-section-content-middle elementor-section-full_width elementor-section-height-default elementor-section-height-default\" data-id=\"6c01e5f5\" data-element_type=\"section\" data-settings=\"{&quot;background_background&quot;:&quot;classic&quot;}\">\n\t\t\t\t\t\t<div class=\"elementor-container elementor-column-gap-no\">\n\t\t\t\t\t<div class=\"elementor-column elementor-col-50 elementor-top-column elementor-element elementor-element-589ca36b\" data-id=\"589ca36b\" data-element_type=\"column\">\n\t\t\t<div class=\"elementor-widget-wrap elementor-element-populated\">\n\t\t\t\t\t\t<div class=\"elementor-element elementor-element-5bd7fbad elementor-widget elementor-widget-heading\" data-id=\"5bd7fbad\" data-element_type=\"widget\" data-widget_type=\"heading.default\">\n\t\t\t\t<div class=\"elementor-widget-container\">\n\t\t\t\t\t<h2 class=\"elementor-heading-title elementor-size-default\">Profesionalna usluga<\/h2>\t\t\t\t<\/div>\n\t\t\t\t<\/div>\n\t\t\t\t<div class=\"elementor-element elementor-element-4a1ca2a9 elementor-widget elementor-widget-text-editor\" data-id=\"4a1ca2a9\" data-element_type=\"widget\" data-widget_type=\"text-editor.default\">\n\t\t\t\t<div class=\"elementor-widget-container\">\n\t\t\t\t\t\t\t\t\t<p>Na\u0161 tim iskusnih kuhara i poslu\u017eitelja posve\u0107en je pru\u017eanju vrhunske usluge. Brinemo se o svakom detalju, od planiranja jelovnika do poslu\u017eivanja, kako biste vi i va\u0161i gosti mogli u potpunosti u\u017eivati u gastronomskom iskustvu.<\/p>\t\t\t\t\t\t\t\t<\/div>\n\t\t\t\t<\/div>\n\t\t\t\t\t<\/div>\n\t\t<\/div>\n\t\t\t\t<div class=\"elementor-column elementor-col-50 elementor-top-column elementor-element elementor-element-366e4550\" data-id=\"366e4550\" data-element_type=\"column\">\n\t\t\t<div class=\"elementor-widget-wrap elementor-element-populated\">\n\t\t\t\t\t\t<div class=\"elementor-element elementor-element-33f2ee72 elementor-widget elementor-widget-image\" data-id=\"33f2ee72\" data-element_type=\"widget\" data-widget_type=\"image.default\">\n\t\t\t\t<div class=\"elementor-widget-container\">\n\t\t\t\t\t\t\t\t\t\t\t\t\t\t\t<img loading=\"lazy\" decoding=\"async\" width=\"1024\" height=\"577\" src=\"https:\/\/www.konoba-luka.com\/wp-content\/uploads\/2024\/10\/20241009_173411-1024x577.jpg\" class=\"attachment-large size-large wp-image-1114\" alt=\"\" srcset=\"https:\/\/www.konoba-luka.com\/wp-content\/uploads\/2024\/10\/20241009_173411-1024x577.jpg 1024w, https:\/\/www.konoba-luka.com\/wp-content\/uploads\/2024\/10\/20241009_173411-300x169.jpg 300w, https:\/\/www.konoba-luka.com\/wp-content\/uploads\/2024\/10\/20241009_173411-768x432.jpg 768w, https:\/\/www.konoba-luka.com\/wp-content\/uploads\/2024\/10\/20241009_173411-1536x865.jpg 1536w, https:\/\/www.konoba-luka.com\/wp-content\/uploads\/2024\/10\/20241009_173411-2048x1153.jpg 2048w\" sizes=\"(max-width: 1024px) 100vw, 1024px\" \/>\t\t\t\t\t\t\t\t\t\t\t\t\t\t\t<\/div>\n\t\t\t\t<\/div>\n\t\t\t\t\t<\/div>\n\t\t<\/div>\n\t\t\t\t\t<\/div>\n\t\t<\/section>\n\t\t\t\t<\/div>\n\t\t","protected":false},"excerpt":{"rendered":"<p>Catering. Na\u0161a misija Na\u0161a misija je jednostavna &#8211; stvoriti nezaboravne trenutke kroz izvanrednu hranu i uslugu koja ostavlja trajan dojam. Bez obzira na vrstu doga\u0111aja ili prigodu, na\u0161 cilj je da va\u0161i gosti odu odu\u0161evljeni okusima i uslugom koju pru\u017eamo. Catering za sve prigode Bilo da planirate intimnu ve\u010deru kod ku\u0107e, poslovni doga\u0111aj ili veliko &hellip;<\/p>\n<p class=\"read-more\"> <a class=\"\" href=\"https:\/\/www.konoba-luka.com\/index.php\/catering\/\"> <span class=\"screen-reader-text\">Catering<\/span> Read More &raquo;<\/a><\/p>\n","protected":false},"author":1,"featured_media":0,"parent":0,"menu_order":0,"comment_status":"closed","ping_status":"closed","template":"","meta":{"_uag_custom_page_level_css":"","site-sidebar-layout":"default","site-content-layout":"","ast-site-content-layout":"","site-content-style":"default","site-sidebar-style":"default","ast-global-header-display":"","ast-banner-title-visibility":"","ast-main-header-display":"","ast-hfb-above-header-display":"","ast-hfb-below-header-display":"","ast-hfb-mobile-header-display":"","site-post-title":"","ast-breadcrumbs-content":"","ast-featured-img":"","footer-sml-layout":"","theme-transparent-header-meta":"","adv-header-id-meta":"","stick-header-meta":"","header-above-stick-meta":"","header-main-stick-meta":"","header-below-stick-meta":"","astra-migrate-meta-layouts":"","ast-page-background-enabled":"default","ast-page-background-meta":{"desktop":{"background-color":"","background-image":"","background-repeat":"repeat","background-position":"center center","background-size":"auto","background-attachment":"scroll","background-type":"","background-media":"","overlay-type":"","overlay-color":"","overlay-gradient":""},"tablet":{"background-color":"","background-image":"","background-repeat":"repeat","background-position":"center center","background-size":"auto","background-attachment":"scroll","background-type":"","background-media":"","overlay-type":"","overlay-color":"","overlay-gradient":""},"mobile":{"background-color":"","background-image":"","background-repeat":"repeat","background-position":"center center","background-size":"auto","background-attachment":"scroll","background-type":"","background-media":"","overlay-type":"","overlay-color":"","overlay-gradient":""}},"ast-content-background-meta":{"desktop":{"background-color":"var(--ast-global-color-5)","background-image":"","background-repeat":"repeat","background-position":"center center","background-size":"auto","background-attachment":"scroll","background-type":"","background-media":"","overlay-type":"","overlay-color":"","overlay-gradient":""},"tablet":{"background-color":"var(--ast-global-color-5)","background-image":"","background-repeat":"repeat","background-position":"center center","background-size":"auto","background-attachment":"scroll","background-type":"","background-media":"","overlay-type":"","overlay-color":"","overlay-gradient":""},"mobile":{"background-color":"var(--ast-global-color-5)","background-image":"","background-repeat":"repeat","background-position":"center center","background-size":"auto","background-attachment":"scroll","background-type":"","background-media":"","overlay-type":"","overlay-color":"","overlay-gradient":""}},"footnotes":""},"class_list":["post-2","page","type-page","status-publish","hentry"],"uagb_featured_image_src":{"full":false,"thumbnail":false,"medium":false,"medium_large":false,"large":false,"1536x1536":false,"2048x2048":false},"uagb_author_info":{"display_name":"admin","author_link":"https:\/\/www.konoba-luka.com\/index.php\/author\/admin_gd46q6to\/"},"uagb_comment_info":0,"uagb_excerpt":"Catering. Na\u0161a misija Na\u0161a misija je jednostavna &#8211; stvoriti nezaboravne trenutke kroz izvanrednu hranu i uslugu koja ostavlja trajan dojam. Bez obzira na vrstu doga\u0111aja ili prigodu, na\u0161 cilj je da va\u0161i gosti odu odu\u0161evljeni okusima i uslugom koju pru\u017eamo. Catering za sve prigode Bilo da planirate intimnu ve\u010deru kod ku\u0107e, poslovni doga\u0111aj ili veliko&hellip;","_links":{"self":[{"href":"https:\/\/www.konoba-luka.com\/index.php\/wp-json\/wp\/v2\/pages\/2","targetHints":{"allow":["GET"]}}],"collection":[{"href":"https:\/\/www.konoba-luka.com\/index.php\/wp-json\/wp\/v2\/pages"}],"about":[{"href":"https:\/\/www.konoba-luka.com\/index.php\/wp-json\/wp\/v2\/types\/page"}],"author":[{"embeddable":true,"href":"https:\/\/www.konoba-luka.com\/index.php\/wp-json\/wp\/v2\/users\/1"}],"replies":[{"embeddable":true,"href":"https:\/\/www.konoba-luka.com\/index.php\/wp-json\/wp\/v2\/comments?post=2"}],"version-history":[{"count":22,"href":"https:\/\/www.konoba-luka.com\/index.php\/wp-json\/wp\/v2\/pages\/2\/revisions"}],"predecessor-version":[{"id":1154,"href":"https:\/\/www.konoba-luka.com\/index.php\/wp-json\/wp\/v2\/pages\/2\/revisions\/1154"}],"wp:attachment":[{"href":"https:\/\/www.konoba-luka.com\/index.php\/wp-json\/wp\/v2\/media?parent=2"}],"curies":[{"name":"wp","href":"https:\/\/api.w.org\/{rel}","templated":true}]}}