{"id":1124,"date":"2025-08-28T13:51:52","date_gmt":"2025-08-28T13:51:52","guid":{"rendered":"https:\/\/www.konoba-luka.com\/?page_id=1124"},"modified":"2025-08-28T14:10:48","modified_gmt":"2025-08-28T14:10:48","slug":"proslave","status":"publish","type":"page","link":"https:\/\/www.konoba-luka.com\/index.php\/proslave\/","title":{"rendered":"Proslave"},"content":{"rendered":"\t\t<div data-elementor-type=\"wp-page\" data-elementor-id=\"1124\" class=\"elementor elementor-1124\">\n\t\t\t\t\t\t<section class=\"elementor-section elementor-top-section elementor-element elementor-element-49883a82 elementor-section-boxed elementor-section-height-default elementor-section-height-default\" data-id=\"49883a82\" data-element_type=\"section\" data-settings=\"{&quot;background_background&quot;:&quot;classic&quot;}\">\n\t\t\t\t\t\t\t<div class=\"elementor-background-overlay\"><\/div>\n\t\t\t\t\t\t\t<div class=\"elementor-container elementor-column-gap-default\">\n\t\t\t\t\t<div class=\"elementor-column elementor-col-100 elementor-top-column elementor-element elementor-element-388f3ab3\" data-id=\"388f3ab3\" data-element_type=\"column\">\n\t\t\t<div class=\"elementor-widget-wrap elementor-element-populated\">\n\t\t\t\t\t\t<div class=\"elementor-element elementor-element-c95625a elementor-widget elementor-widget-heading\" data-id=\"c95625a\" data-element_type=\"widget\" data-widget_type=\"heading.default\">\n\t\t\t\t<div class=\"elementor-widget-container\">\n\t\t\t\t\t<h1 class=\"elementor-heading-title elementor-size-default\">Proslave.<\/h1>\t\t\t\t<\/div>\n\t\t\t\t<\/div>\n\t\t\t\t<div class=\"elementor-element elementor-element-58e5f1a elementor-widget elementor-widget-image\" data-id=\"58e5f1a\" data-element_type=\"widget\" data-widget_type=\"image.default\">\n\t\t\t\t<div class=\"elementor-widget-container\">\n\t\t\t\t\t\t\t\t\t\t\t\t\t\t\t<img decoding=\"async\" width=\"250\" height=\"27\" src=\"https:\/\/www.konoba-luka.com\/wp-content\/uploads\/2018\/09\/frill-free-img.png\" class=\"attachment-large size-large wp-image-86\" alt=\"\" \/>\t\t\t\t\t\t\t\t\t\t\t\t\t\t\t<\/div>\n\t\t\t\t<\/div>\n\t\t\t\t\t<\/div>\n\t\t<\/div>\n\t\t\t\t\t<\/div>\n\t\t<\/section>\n\t\t\t\t<section class=\"elementor-section elementor-top-section elementor-element elementor-element-5a762e6a elementor-section-content-middle elementor-section-full_width elementor-reverse-mobile elementor-reverse-tablet elementor-section-height-default elementor-section-height-default\" data-id=\"5a762e6a\" data-element_type=\"section\" data-settings=\"{&quot;background_background&quot;:&quot;classic&quot;}\">\n\t\t\t\t\t\t<div class=\"elementor-container elementor-column-gap-no\">\n\t\t\t\t\t<div class=\"elementor-column elementor-col-50 elementor-top-column elementor-element elementor-element-1530a2d5\" data-id=\"1530a2d5\" data-element_type=\"column\">\n\t\t\t<div class=\"elementor-widget-wrap elementor-element-populated\">\n\t\t\t\t\t\t<div class=\"elementor-element elementor-element-5c4ad213 elementor-widget elementor-widget-image\" data-id=\"5c4ad213\" data-element_type=\"widget\" data-widget_type=\"image.default\">\n\t\t\t\t<div class=\"elementor-widget-container\">\n\t\t\t\t\t\t\t\t\t\t\t\t\t\t\t<img fetchpriority=\"high\" decoding=\"async\" width=\"1024\" height=\"577\" src=\"https:\/\/www.konoba-luka.com\/wp-content\/uploads\/2025\/08\/20241009_163852-1024x577.jpg\" class=\"attachment-large size-large wp-image-1127\" alt=\"\" srcset=\"https:\/\/www.konoba-luka.com\/wp-content\/uploads\/2025\/08\/20241009_163852-1024x577.jpg 1024w, https:\/\/www.konoba-luka.com\/wp-content\/uploads\/2025\/08\/20241009_163852-300x169.jpg 300w, https:\/\/www.konoba-luka.com\/wp-content\/uploads\/2025\/08\/20241009_163852-768x432.jpg 768w, https:\/\/www.konoba-luka.com\/wp-content\/uploads\/2025\/08\/20241009_163852-1536x865.jpg 1536w, https:\/\/www.konoba-luka.com\/wp-content\/uploads\/2025\/08\/20241009_163852-2048x1153.jpg 2048w\" sizes=\"(max-width: 1024px) 100vw, 1024px\" \/>\t\t\t\t\t\t\t\t\t\t\t\t\t\t\t<\/div>\n\t\t\t\t<\/div>\n\t\t\t\t\t<\/div>\n\t\t<\/div>\n\t\t\t\t<div class=\"elementor-column elementor-col-50 elementor-top-column elementor-element elementor-element-2994f8eb\" data-id=\"2994f8eb\" data-element_type=\"column\">\n\t\t\t<div class=\"elementor-widget-wrap elementor-element-populated\">\n\t\t\t\t\t\t<div class=\"elementor-element elementor-element-36e62819 elementor-widget elementor-widget-heading\" data-id=\"36e62819\" data-element_type=\"widget\" data-widget_type=\"heading.default\">\n\t\t\t\t<div class=\"elementor-widget-container\">\n\t\t\t\t\t<h1 class=\"elementor-heading-title elementor-size-default\">Proslave koje se pamte<\/h1>\t\t\t\t<\/div>\n\t\t\t\t<\/div>\n\t\t\t\t<div class=\"elementor-element elementor-element-3d3da444 elementor-widget elementor-widget-text-editor\" data-id=\"3d3da444\" data-element_type=\"widget\" data-widget_type=\"text-editor.default\">\n\t\t\t\t<div class=\"elementor-widget-container\">\n\t\t\t\t\t\t\t\t\t<p>U <strong data-start=\"137\" data-end=\"152\">Konobi Luka<\/strong> vjerujemo da su najljep\u0161i trenuci oni koje dijelimo s obitelji i prijateljima. Zato smo stvorili mjesto gdje se svaka proslava pretvara u posebno iskustvo, uz doma\u0107u atmosferu i nezaboravne okuse tradicionalne kuhinje.<\/p>\t\t\t\t\t\t\t\t<\/div>\n\t\t\t\t<\/div>\n\t\t\t\t\t<\/div>\n\t\t<\/div>\n\t\t\t\t\t<\/div>\n\t\t<\/section>\n\t\t\t\t<section class=\"elementor-section elementor-top-section elementor-element elementor-element-48b2c380 elementor-section-content-middle elementor-section-full_width elementor-section-height-default elementor-section-height-default\" data-id=\"48b2c380\" data-element_type=\"section\" data-settings=\"{&quot;background_background&quot;:&quot;classic&quot;}\">\n\t\t\t\t\t\t<div class=\"elementor-container elementor-column-gap-no\">\n\t\t\t\t\t<div class=\"elementor-column elementor-col-50 elementor-top-column elementor-element elementor-element-2f4279ed\" data-id=\"2f4279ed\" data-element_type=\"column\">\n\t\t\t<div class=\"elementor-widget-wrap elementor-element-populated\">\n\t\t\t\t\t\t<div class=\"elementor-element elementor-element-73a25ba6 elementor-widget elementor-widget-heading\" data-id=\"73a25ba6\" data-element_type=\"widget\" data-widget_type=\"heading.default\">\n\t\t\t\t<div class=\"elementor-widget-container\">\n\t\t\t\t\t<h2 class=\"elementor-heading-title elementor-size-default\">Obiteljske sve\u010danosti i posebni trenuci<\/h2>\t\t\t\t<\/div>\n\t\t\t\t<\/div>\n\t\t\t\t<div class=\"elementor-element elementor-element-48c34f49 elementor-widget elementor-widget-text-editor\" data-id=\"48c34f49\" data-element_type=\"widget\" data-widget_type=\"text-editor.default\">\n\t\t\t\t<div class=\"elementor-widget-container\">\n\t\t\t\t\t\t\t\t\t<p>Bilo da slavite krstitke, prvu pri\u010dest, krizmu ili godi\u0161njicu, na\u0161 prostor i ponuda prilago\u0111eni su upravo Va\u0161im potrebama. Uz pa\u017eljivo osmi\u0161ljene jelovnike i toplu uslugu, svaka \u0107e proslava u Konobi Luka prote\u0107i u veselju i opu\u0161tenoj atmosferi.<\/p>\t\t\t\t\t\t\t\t<\/div>\n\t\t\t\t<\/div>\n\t\t\t\t\t<\/div>\n\t\t<\/div>\n\t\t\t\t<div class=\"elementor-column elementor-col-50 elementor-top-column elementor-element elementor-element-1e959e8d\" data-id=\"1e959e8d\" data-element_type=\"column\">\n\t\t\t<div class=\"elementor-widget-wrap elementor-element-populated\">\n\t\t\t\t\t\t<div class=\"elementor-element elementor-element-343577b9 elementor-widget elementor-widget-image\" data-id=\"343577b9\" data-element_type=\"widget\" data-widget_type=\"image.default\">\n\t\t\t\t<div class=\"elementor-widget-container\">\n\t\t\t\t\t\t\t\t\t\t\t\t\t\t\t<img decoding=\"async\" width=\"1024\" height=\"577\" src=\"https:\/\/www.konoba-luka.com\/wp-content\/uploads\/2025\/08\/20241009_180707-1024x577.jpg\" class=\"attachment-large size-large wp-image-1132\" alt=\"\" srcset=\"https:\/\/www.konoba-luka.com\/wp-content\/uploads\/2025\/08\/20241009_180707-1024x577.jpg 1024w, https:\/\/www.konoba-luka.com\/wp-content\/uploads\/2025\/08\/20241009_180707-300x169.jpg 300w, https:\/\/www.konoba-luka.com\/wp-content\/uploads\/2025\/08\/20241009_180707-768x432.jpg 768w, https:\/\/www.konoba-luka.com\/wp-content\/uploads\/2025\/08\/20241009_180707-1536x865.jpg 1536w, https:\/\/www.konoba-luka.com\/wp-content\/uploads\/2025\/08\/20241009_180707-2048x1153.jpg 2048w\" sizes=\"(max-width: 1024px) 100vw, 1024px\" \/>\t\t\t\t\t\t\t\t\t\t\t\t\t\t\t<\/div>\n\t\t\t\t<\/div>\n\t\t\t\t\t<\/div>\n\t\t<\/div>\n\t\t\t\t\t<\/div>\n\t\t<\/section>\n\t\t\t\t<section class=\"elementor-section elementor-top-section elementor-element elementor-element-4e3b27f0 elementor-section-content-middle elementor-section-full_width elementor-reverse-mobile elementor-section-height-default elementor-section-height-default\" data-id=\"4e3b27f0\" data-element_type=\"section\" data-settings=\"{&quot;background_background&quot;:&quot;classic&quot;}\">\n\t\t\t\t\t\t<div class=\"elementor-container elementor-column-gap-no\">\n\t\t\t\t\t<div class=\"elementor-column elementor-col-50 elementor-top-column elementor-element elementor-element-2ddaf8e6\" data-id=\"2ddaf8e6\" data-element_type=\"column\">\n\t\t\t<div class=\"elementor-widget-wrap elementor-element-populated\">\n\t\t\t\t\t\t<div class=\"elementor-element elementor-element-b9e20dc elementor-widget elementor-widget-image\" data-id=\"b9e20dc\" data-element_type=\"widget\" data-widget_type=\"image.default\">\n\t\t\t\t<div class=\"elementor-widget-container\">\n\t\t\t\t\t\t\t\t\t\t\t\t\t\t\t<img loading=\"lazy\" decoding=\"async\" width=\"1024\" height=\"577\" src=\"https:\/\/www.konoba-luka.com\/wp-content\/uploads\/2025\/08\/20241009_164542-1024x577.jpg\" class=\"attachment-large size-large wp-image-1131\" alt=\"\" srcset=\"https:\/\/www.konoba-luka.com\/wp-content\/uploads\/2025\/08\/20241009_164542-1024x577.jpg 1024w, https:\/\/www.konoba-luka.com\/wp-content\/uploads\/2025\/08\/20241009_164542-300x169.jpg 300w, https:\/\/www.konoba-luka.com\/wp-content\/uploads\/2025\/08\/20241009_164542-768x432.jpg 768w, https:\/\/www.konoba-luka.com\/wp-content\/uploads\/2025\/08\/20241009_164542-1536x865.jpg 1536w, https:\/\/www.konoba-luka.com\/wp-content\/uploads\/2025\/08\/20241009_164542-2048x1153.jpg 2048w\" sizes=\"(max-width: 1024px) 100vw, 1024px\" \/>\t\t\t\t\t\t\t\t\t\t\t\t\t\t\t<\/div>\n\t\t\t\t<\/div>\n\t\t\t\t\t<\/div>\n\t\t<\/div>\n\t\t\t\t<div class=\"elementor-column elementor-col-50 elementor-top-column elementor-element elementor-element-638b70f5\" data-id=\"638b70f5\" data-element_type=\"column\">\n\t\t\t<div class=\"elementor-widget-wrap elementor-element-populated\">\n\t\t\t\t\t\t<div class=\"elementor-element elementor-element-f4ad4e2 elementor-widget elementor-widget-heading\" data-id=\"f4ad4e2\" data-element_type=\"widget\" data-widget_type=\"heading.default\">\n\t\t\t\t<div class=\"elementor-widget-container\">\n\t\t\t\t\t<h2 class=\"elementor-heading-title elementor-size-default\">Svadbe i ve\u0107a okupljanja<\/h2>\t\t\t\t<\/div>\n\t\t\t\t<\/div>\n\t\t\t\t<div class=\"elementor-element elementor-element-4fc0c19f elementor-widget elementor-widget-text-editor\" data-id=\"4fc0c19f\" data-element_type=\"widget\" data-widget_type=\"text-editor.default\">\n\t\t\t\t<div class=\"elementor-widget-container\">\n\t\t\t\t\t\t\t\t\t<p>Za vjen\u010danja i proslave do 100 gostiju nudimo kompletnu organizaciju, uz mogu\u0107nost zakupa cijelog prostora. Tako osiguravamo privatnost i intimnost, dok se na\u0161 tim brine da svaki detalj bude savr\u0161en. Va\u0161e slavlje kod nas postaje uspomena koja traje.<\/p>\t\t\t\t\t\t\t\t<\/div>\n\t\t\t\t<\/div>\n\t\t\t\t\t<\/div>\n\t\t<\/div>\n\t\t\t\t\t<\/div>\n\t\t<\/section>\n\t\t\t\t<\/div>\n\t\t","protected":false},"excerpt":{"rendered":"<p>Proslave. Proslave koje se pamte U Konobi Luka vjerujemo da su najljep\u0161i trenuci oni koje dijelimo s obitelji i prijateljima. Zato smo stvorili mjesto gdje se svaka proslava pretvara u posebno iskustvo, uz doma\u0107u atmosferu i nezaboravne okuse tradicionalne kuhinje. Obiteljske sve\u010danosti i posebni trenuci Bilo da slavite krstitke, prvu pri\u010dest, krizmu ili godi\u0161njicu, na\u0161 &hellip;<\/p>\n<p class=\"read-more\"> <a class=\"\" href=\"https:\/\/www.konoba-luka.com\/index.php\/proslave\/\"> <span class=\"screen-reader-text\">Proslave<\/span> Read More &raquo;<\/a><\/p>\n","protected":false},"author":1,"featured_media":0,"parent":0,"menu_order":0,"comment_status":"closed","ping_status":"closed","template":"","meta":{"_uag_custom_page_level_css":"","site-sidebar-layout":"no-sidebar","site-content-layout":"page-builder","ast-site-content-layout":"full-width-container","site-content-style":"default","site-sidebar-style":"default","ast-global-header-display":"","ast-banner-title-visibility":"","ast-main-header-display":"","ast-hfb-above-header-display":"","ast-hfb-below-header-display":"","ast-hfb-mobile-header-display":"","site-post-title":"disabled","ast-breadcrumbs-content":"","ast-featured-img":"disabled","footer-sml-layout":"","theme-transparent-header-meta":"","adv-header-id-meta":"","stick-header-meta":"","header-above-stick-meta":"","header-main-stick-meta":"","header-below-stick-meta":"","astra-migrate-meta-layouts":"set","ast-page-background-enabled":"default","ast-page-background-meta":{"desktop":{"background-color":"","background-image":"","background-repeat":"repeat","background-position":"center center","background-size":"auto","background-attachment":"scroll","background-type":"","background-media":"","overlay-type":"","overlay-color":"","overlay-gradient":""},"tablet":{"background-color":"","background-image":"","background-repeat":"repeat","background-position":"center center","background-size":"auto","background-attachment":"scroll","background-type":"","background-media":"","overlay-type":"","overlay-color":"","overlay-gradient":""},"mobile":{"background-color":"","background-image":"","background-repeat":"repeat","background-position":"center center","background-size":"auto","background-attachment":"scroll","background-type":"","background-media":"","overlay-type":"","overlay-color":"","overlay-gradient":""}},"ast-content-background-meta":{"desktop":{"background-color":"var(--ast-global-color-5)","background-image":"","background-repeat":"repeat","background-position":"center center","background-size":"auto","background-attachment":"scroll","background-type":"","background-media":"","overlay-type":"","overlay-color":"","overlay-gradient":""},"tablet":{"background-color":"var(--ast-global-color-5)","background-image":"","background-repeat":"repeat","background-position":"center center","background-size":"auto","background-attachment":"scroll","background-type":"","background-media":"","overlay-type":"","overlay-color":"","overlay-gradient":""},"mobile":{"background-color":"var(--ast-global-color-5)","background-image":"","background-repeat":"repeat","background-position":"center center","background-size":"auto","background-attachment":"scroll","background-type":"","background-media":"","overlay-type":"","overlay-color":"","overlay-gradient":""}},"footnotes":""},"class_list":["post-1124","page","type-page","status-publish","hentry"],"uagb_featured_image_src":{"full":false,"thumbnail":false,"medium":false,"medium_large":false,"large":false,"1536x1536":false,"2048x2048":false},"uagb_author_info":{"display_name":"admin","author_link":"https:\/\/www.konoba-luka.com\/index.php\/author\/admin_gd46q6to\/"},"uagb_comment_info":0,"uagb_excerpt":"Proslave. Proslave koje se pamte U Konobi Luka vjerujemo da su najljep\u0161i trenuci oni koje dijelimo s obitelji i prijateljima. Zato smo stvorili mjesto gdje se svaka proslava pretvara u posebno iskustvo, uz doma\u0107u atmosferu i nezaboravne okuse tradicionalne kuhinje. Obiteljske sve\u010danosti i posebni trenuci Bilo da slavite krstitke, prvu pri\u010dest, krizmu ili godi\u0161njicu, na\u0161&hellip;","_links":{"self":[{"href":"https:\/\/www.konoba-luka.com\/index.php\/wp-json\/wp\/v2\/pages\/1124","targetHints":{"allow":["GET"]}}],"collection":[{"href":"https:\/\/www.konoba-luka.com\/index.php\/wp-json\/wp\/v2\/pages"}],"about":[{"href":"https:\/\/www.konoba-luka.com\/index.php\/wp-json\/wp\/v2\/types\/page"}],"author":[{"embeddable":true,"href":"https:\/\/www.konoba-luka.com\/index.php\/wp-json\/wp\/v2\/users\/1"}],"replies":[{"embeddable":true,"href":"https:\/\/www.konoba-luka.com\/index.php\/wp-json\/wp\/v2\/comments?post=1124"}],"version-history":[{"count":18,"href":"https:\/\/www.konoba-luka.com\/index.php\/wp-json\/wp\/v2\/pages\/1124\/revisions"}],"predecessor-version":[{"id":1151,"href":"https:\/\/www.konoba-luka.com\/index.php\/wp-json\/wp\/v2\/pages\/1124\/revisions\/1151"}],"wp:attachment":[{"href":"https:\/\/www.konoba-luka.com\/index.php\/wp-json\/wp\/v2\/media?parent=1124"}],"curies":[{"name":"wp","href":"https:\/\/api.w.org\/{rel}","templated":true}]}}